{"id":408,"date":"2016-01-30T21:56:24","date_gmt":"2016-01-30T21:56:24","guid":{"rendered":"https:\/\/chatproia.com\/index.php\/services\/service-inner\/"},"modified":"2026-01-04T13:39:27","modified_gmt":"2026-01-04T12:39:27","slug":"servicios-whatsapp-ia","status":"publish","type":"page","link":"https:\/\/chatproia.com\/en\/servicios-whatsapp-ia\/","title":{"rendered":"Services whatsapp IA"},"content":{"rendered":"<div class=\"wpb-content-wrapper\"><div data-vc-full-width=\"true\" data-vc-full-width-temp=\"true\" data-vc-full-width-init=\"false\" class=\"vc_row wpb_row vc_row-fluid vc_custom_1736769033380 vc_row-o-content-middle vc_row-flex\"><div class=\"wpb_column vc_column_container vc_col-sm-6\"><div class=\"vc_column-inner vc_custom_1498229431694\"><div class=\"wpb_wrapper\"><div id=\"ultimate-heading-881669ed065fd0df0\" class=\"uvc-heading ult-adjust-bottom-margin ultimate-heading-881669ed065fd0df0 uvc-7799\" data-hspacer=\"no_spacer\"  data-halign=\"left\" style=\"text-align:left\"><div class=\"uvc-heading-spacer no_spacer\" style=\"top\"><\/div><div class=\"uvc-main-heading ult-responsive\"  data-ultimate-target='.uvc-heading.ultimate-heading-881669ed065fd0df0 h2'  data-responsive-json-new='{\"font-size\":\"desktop:26px;\",\"line-height\":\"desktop:32px;\"}' ><h2 style=\"font-weight:bold;margin-bottom:20px;\">Turn your WhatsApp into a channel that supports, sells, and builds customer loyalty on its own.<\/h2><\/div><\/div>\n\t<div class=\"wpb_text_column wpb_content_element\" >\n\t\t<div class=\"wpb_wrapper\">\n\t\t\t<p>Turn your WhatsApp into your best sales and support channel with AI. <strong>Automate, respond instantly, and convert more\u2026 effortlessly.<\/strong><\/p>\n<ul>\n<li><strong>Save time on repetitive tasks.<\/strong><\/li>\n<li><strong>Respond to your customers without compromising quality.<\/strong><\/li>\n<li><strong>Sell while you focus on what truly matters.<\/strong><\/li>\n<\/ul>\n<p>At ChatPro IA, we help you improve customer service through <strong>AI-powered WhatsApp technology<\/strong>. We automate tasks like answering repetitive questions or handling appointment requests, making the process faster and easier for your customers. That way, you can focus on what truly matters\u2014growing your business.<\/p>\n<p>Our services are designed to fit the needs of any industry\u2014from online stores, clinics, and restaurants to law firms, travel agencies, accounting offices, and schools. Discover how our technology can help you save time, boost sales, and deliver a one-of-a-kind service.<\/p>\n<p>With our platform, we guarantee efficiency and a genuine connection with your customers. Our conversational bots understand your clients, respond instantly, and handle thousands of interactions without losing the human touch. Every automated message is crafted to feel human\u2014warm, fast, and helpful. And that leads to trust, loyalty, and sales.<\/p>\n<p><strong>With ChatPro IA, Every Conversation Becomes an Opportunity!<\/strong><\/p>\n\n\t\t<\/div>\n\t<\/div>\n<\/div><\/div><\/div><div class=\"wpb_column vc_column_container vc_col-sm-6\"><div class=\"vc_column-inner\"><div class=\"wpb_wrapper\">\n\t<div  class=\"wpb_single_image wpb_content_element vc_align_left  vc_custom_1737051316377\">\n\t\t\n\t\t<figure class=\"wpb_wrapper vc_figure\">\n\t\t\t<div class=\"vc_single_image-wrapper   vc_box_border_grey\"><img decoding=\"async\" width=\"1344\" height=\"768\" src=\"https:\/\/chatproia.com\/wp-content\/uploads\/2025\/01\/piclumen-1736254726116.jpg\" class=\"vc_single_image-img attachment-full\" alt=\"intelligent chats with AI\" title=\"piclumen-1736254726116\" srcset=\"https:\/\/chatproia.com\/wp-content\/uploads\/2025\/01\/piclumen-1736254726116.jpg 1344w, https:\/\/chatproia.com\/wp-content\/uploads\/2025\/01\/piclumen-1736254726116-300x171.jpg 300w, https:\/\/chatproia.com\/wp-content\/uploads\/2025\/01\/piclumen-1736254726116-1024x585.jpg 1024w, https:\/\/chatproia.com\/wp-content\/uploads\/2025\/01\/piclumen-1736254726116-768x439.jpg 768w\" sizes=\"(max-width: 1344px) 100vw, 1344px\"  data-dt-location=\"https:\/\/chatproia.com\/en\/servicios-whatsapp-ia\/piclumen-1736254726116\/\" \/><\/div>\n\t\t<\/figure>\n\t<\/div>\n\n\t<div class=\"wpb_text_column wpb_content_element  vc_custom_1767530013356\" >\n\t\t<div class=\"wpb_wrapper\">\n\t\t\t<blockquote><p>\nIn a world where every second counts, your customer support can also be automated without losing the human touch.\n<\/p><\/blockquote>\n\n\t\t<\/div>\n\t<\/div>\n<\/div><\/div><\/div><\/div><div class=\"vc_row-full-width vc_clearfix\"><\/div><div class=\"vc_row wpb_row vc_row-fluid vc_custom_1737051541717\"><div class=\"wpb_column vc_column_container vc_col-sm-12\"><div class=\"vc_column-inner\"><div class=\"wpb_wrapper\"><div id=\"ultimate-heading-832869ed065fd22d3\" class=\"uvc-heading ult-adjust-bottom-margin ultimate-heading-832869ed065fd22d3 uvc-4900 accent-title-color\" data-hspacer=\"no_spacer\"  data-halign=\"center\" style=\"text-align:center\"><div class=\"uvc-heading-spacer no_spacer\" style=\"top\"><\/div><div class=\"uvc-main-heading ult-responsive\"  data-ultimate-target='.uvc-heading.ultimate-heading-832869ed065fd22d3 h2'  data-responsive-json-new='{\"font-size\":\"desktop:40px;tablet_portrait:20px;\",\"line-height\":\"desktop:46px;tablet_portrait:26px;\"}' ><h2 style=\"font-family:&#039;Open Sans Condensed&#039;;font-weight:700;margin-bottom:10px;\">Your customers message you on WhatsApp all day\u2026 who replies when you can\u2019t?<\/h2><\/div><div class=\"uvc-sub-heading ult-responsive\"  data-ultimate-target='.uvc-heading.ultimate-heading-832869ed065fd22d3 .uvc-sub-heading '  data-responsive-json-new='{\"font-size\":\"desktop:50px;tablet_portrait:40px;\",\"line-height\":\"desktop:76px;tablet_portrait:46px;\"}'  style=\"font-family:&#039;Open Sans Condensed&#039;;font-weight:700;color:#ffffff;\">Automate your WhatsApp with AI today and transform the way your customers interact with you.<\/div><\/div><style type=\"text\/css\" data-type=\"the7_shortcodes-inline-css\">#default-btn-7c1995ca455c8ede2c152badc6202539.ico-right-side > i {\n  margin-right: 0px;\n  margin-left: 8px;\n}\n#default-btn-7c1995ca455c8ede2c152badc6202539 > i {\n  margin-right: 8px;\n}<\/style><div class=\"btn-align-center\"><a href=\"\/en\/contacto\/\" class=\"default-btn-shortcode dt-btn dt-btn-l link-hover-off  vc_custom_1743957940439\" id=\"default-btn-7c1995ca455c8ede2c152badc6202539\" style=\"width:400px;\" title=\"Contact\"><span>REQUEST A DEMO!<\/span><\/a><\/div><\/div><\/div><\/div><\/div><!-- Row Backgrounds --><div class=\"upb_color\" data-bg-override=\"ex-full\" data-bg-color=\"#1f365c\" data-fadeout=\"\" data-fadeout-percentage=\"30\" data-parallax-content=\"\" data-parallax-content-sense=\"30\" data-row-effect-mobile-disable=\"true\" data-img-parallax-mobile-disable=\"true\" data-rtl=\"false\"  data-custom-vc-row=\"\"  data-vc=\"8.7.2\"  data-is_old_vc=\"\"  data-theme-support=\"\"   data-overlay=\"false\" data-overlay-color=\"\" data-overlay-pattern=\"\" data-overlay-pattern-opacity=\"\" data-overlay-pattern-size=\"\"    ><\/div><div data-vc-full-width=\"true\" data-vc-full-width-temp=\"true\" data-vc-full-width-init=\"false\" class=\"vc_row wpb_row vc_row-fluid vc_custom_1737051548624\"><div class=\"wpb_column vc_column_container vc_col-sm-12\"><div class=\"vc_column-inner\"><div class=\"wpb_wrapper\"><div id=\"ultimate-heading-70469ed065fd2a47\" class=\"uvc-heading ult-adjust-bottom-margin ultimate-heading-70469ed065fd2a47 uvc-8994\" data-hspacer=\"no_spacer\"  data-halign=\"left\" style=\"text-align:left\"><div class=\"uvc-heading-spacer no_spacer\" style=\"top\"><\/div><div class=\"uvc-main-heading ult-responsive\"  data-ultimate-target='.uvc-heading.ultimate-heading-70469ed065fd2a47 h2'  data-responsive-json-new='{\"font-size\":\"desktop:26px;\",\"line-height\":\"desktop:32px;\"}' ><h2 style=\"font-weight:bold;margin-bottom:20px;\">HERE\u2019S WHAT YOU GET<\/h2><\/div><div class=\"uvc-sub-heading ult-responsive\"  data-ultimate-target='.uvc-heading.ultimate-heading-70469ed065fd2a47 .uvc-sub-heading '  data-responsive-json-new='{\"font-size\":\"desktop:16px;\",\"line-height\":\"desktop:26px;\"}'  style=\"font-weight:normal;margin-bottom:15px;\">These are the 5 key factors that make our service work from day one:<\/p>\n<p>&nbsp;<\/p>\n<p><\/div><\/div><div class=\"smile_icon_list_wrap ult_info_list_container ult-adjust-bottom-margin   vc_custom_1498230419199\"><ul class=\"smile_icon_list left hexagon\"><li class=\"icon_list_item\" style=\" font-size:60px;\"><div class=\"icon_list_icon\" data-animation=\"\" data-animation-delay=\"03\" style=\"font-size:20px;background:#5CB35B;color:#ffffff;border-color:#5CB35B;\"><i class=\"icomoon-icomoonfree-16x16-pen\" ><\/i><\/div><div class=\"icon_description\" id=\"Info-list-wrap-2444\" style=\"font-size:20px;\"><h3 class=\"ult-responsive info-list-heading\"  data-ultimate-target='#Info-list-wrap-2444 h3'  data-responsive-json-new='{\"font-size\":\"desktop:18px;\",\"line-height\":\"desktop:22px;\"}'  style=\"font-family:&#039;Open Sans Condensed&#039;;font-weight:700;\">1. PROFESSIONAL SETUP OF YOUR WHATSAPP CHATBOT<\/h3><div class=\"icon_description_text ult-responsive\"  data-ultimate-target='#Info-list-wrap-2444 .icon_description_text'  data-responsive-json-new='{\"font-size\":\"desktop:14px;\",\"line-height\":\"desktop:20px;\"}'  style=\"\"><ul>\n<li>We install and customize a smart chatbot that understands your customers\u2019 needs and responds instantly.<\/li>\n<li>Full Integration with  your WhatsApp account<\/li>\n<\/ul>\n<\/div><\/div><div class=\"icon_list_connector\"  style=\"border-right-width: 1px;border-right-style: dashed;border-color: #5CB35B;\"><\/div><\/li><li class=\"icon_list_item\" style=\" font-size:60px;\"><div class=\"icon_list_icon\" data-animation=\"\" data-animation-delay=\"03\" style=\"font-size:20px;background:#5CB35B;color:#ffffff;border-color:#5CB35B;\"><i class=\"icomoon-icomoonfree-16x16-bubbles4\" ><\/i><\/div><div class=\"icon_description\" id=\"Info-list-wrap-9708\" style=\"font-size:20px;\"><h3 class=\"ult-responsive info-list-heading\"  data-ultimate-target='#Info-list-wrap-9708 h3'  data-responsive-json-new='{\"font-size\":\"desktop:18px;\",\"line-height\":\"desktop:22px;\"}'  style=\"font-family:&#039;Open Sans Condensed&#039;;font-weight:700;\">2. SMART AUTOMATION<\/h3><div class=\"icon_description_text ult-responsive\"  data-ultimate-target='#Info-list-wrap-9708 .icon_description_text'  data-responsive-json-new='{\"font-size\":\"desktop:14px;\",\"line-height\":\"desktop:20px;\"}'  style=\"\"><ul>\n<li>Automatically answers frequently asked questions.<\/li>\n<li>Saves costs and prevents human errors.<\/li>\n<li>Escalates to your human team only when needed.<\/li>\n<\/ul>\n<\/div><\/div><div class=\"icon_list_connector\"  style=\"border-right-width: 1px;border-right-style: dashed;border-color: #5CB35B;\"><\/div><\/li><li class=\"icon_list_item\" style=\" font-size:60px;\"><div class=\"icon_list_icon\" data-animation=\"\" data-animation-delay=\"03\" style=\"font-size:20px;background:#5CB35B;color:#ffffff;border-color:#5CB35B;\"><i class=\"icomoon-icomoonfree-16x16-stats-bars\" ><\/i><\/div><div class=\"icon_description\" id=\"Info-list-wrap-2585\" style=\"font-size:20px;\"><h3 class=\"ult-responsive info-list-heading\"  data-ultimate-target='#Info-list-wrap-2585 h3'  data-responsive-json-new='{\"font-size\":\"desktop:18px;\",\"line-height\":\"desktop:22px;\"}'  style=\"font-family:&#039;Open Sans Condensed&#039;;font-weight:700;\">3. ADVANCED PERSONALIZATION<\/h3><div class=\"icon_description_text ult-responsive\"  data-ultimate-target='#Info-list-wrap-2585 .icon_description_text'  data-responsive-json-new='{\"font-size\":\"desktop:14px;\",\"line-height\":\"desktop:20px;\"}'  style=\"\"><ul>\n<li>Create unique conversation flows tailored to your business needs.<\/li>\n<li>Multilingual messaging to serve any customer.<\/li>\n<li>Warm, clear, and frictionless communication.<\/li>\n<\/ul>\n<\/div><\/div><div class=\"icon_list_connector\"  style=\"border-right-width: 1px;border-right-style: dashed;border-color: #5CB35B;\"><\/div><\/li><li class=\"icon_list_item\" style=\" font-size:60px;\"><div class=\"icon_list_icon\" data-animation=\"\" data-animation-delay=\"03\" style=\"font-size:20px;background:#5CB35B;color:#ffffff;border-color:#5CB35B;\"><i class=\"icomoon-icomoonfree-16x16-cogs\" ><\/i><\/div><div class=\"icon_description\" id=\"Info-list-wrap-7599\" style=\"font-size:20px;\"><h3 class=\"ult-responsive info-list-heading\"  data-ultimate-target='#Info-list-wrap-7599 h3'  data-responsive-json-new='{\"font-size\":\"desktop:18px;\",\"line-height\":\"desktop:22px;\"}'  style=\"font-family:&#039;Open Sans Condensed&#039;;font-weight:700;\">4. ANALYSIS AND CONTINUOUS IMPROVEMENT<\/h3><div class=\"icon_description_text ult-responsive\"  data-ultimate-target='#Info-list-wrap-7599 .icon_description_text'  data-responsive-json-new='{\"font-size\":\"desktop:14px;\",\"line-height\":\"desktop:20px;\"}'  style=\"\"><ul>\n<li>Monthly reports that analyze interactions and highlight improvement opportunities.<\/li>\n<li>Ongoing optimization to maximize results.<\/li>\n<\/ul>\n<\/div><\/div><div class=\"icon_list_connector\"  style=\"border-right-width: 1px;border-right-style: dashed;border-color: #5CB35B;\"><\/div><\/li><li class=\"icon_list_item\" style=\" font-size:60px;\"><div class=\"icon_list_icon\" data-animation=\"\" data-animation-delay=\"03\" style=\"font-size:20px;background:#5CB35B;color:#ffffff;border-color:#5CB35B;\"><i class=\"icomoon-icomoonfree-16x16-star-full\" ><\/i><\/div><div class=\"icon_description\" id=\"Info-list-wrap-4021\" style=\"font-size:20px;\"><h3 class=\"ult-responsive info-list-heading\"  data-ultimate-target='#Info-list-wrap-4021 h3'  data-responsive-json-new='{\"font-size\":\"desktop:18px;\",\"line-height\":\"desktop:22px;\"}'  style=\"font-family:&#039;Open Sans Condensed&#039;;font-weight:700;\">5. UNLIMITED INTEGRATIONS<\/h3><div class=\"icon_description_text ult-responsive\"  data-ultimate-target='#Info-list-wrap-4021 .icon_description_text'  data-responsive-json-new='{\"font-size\":\"desktop:14px;\",\"line-height\":\"desktop:20px;\"}'  style=\"\"><ul>\n<li>Connect your chatbot with multiple platforms (WhatsApp, Messenger, Instagram).<\/li>\n<li>Integrate your chatbot with your other platforms. And let everything run on its own.<\/li>\n<\/ul>\n<\/div><\/div><div class=\"icon_list_connector\"  style=\"border-right-width: 1px;border-right-style: dashed;border-color: #5CB35B;\"><\/div><\/li><\/ul><\/div><\/div><\/div><\/div><\/div><div class=\"vc_row-full-width vc_clearfix\"><\/div><!-- Row Backgrounds --><div class=\"upb_color\" data-bg-override=\"0\" data-bg-color=\"#AAAAAA1A\" data-fadeout=\"\" data-fadeout-percentage=\"30\" data-parallax-content=\"\" data-parallax-content-sense=\"30\" data-row-effect-mobile-disable=\"true\" data-img-parallax-mobile-disable=\"true\" data-rtl=\"false\"  data-custom-vc-row=\"\"  data-vc=\"8.7.2\"  data-is_old_vc=\"\"  data-theme-support=\"\"   data-overlay=\"false\" data-overlay-color=\"\" data-overlay-pattern=\"\" data-overlay-pattern-opacity=\"\" data-overlay-pattern-size=\"\"    ><\/div>\n<\/div>","protected":false},"excerpt":{"rendered":"<p>Convierte tu WhatsApp en un canal que atiende, vende y fideliza solo. Transforma tu WhatsApp en tu mejor canal de ventas y atenci\u00f3n con IA. Automatiza, responde al instante y convierte m\u00e1s&#8230;sin esfuerzo. Ahorra tiempo en tareas repetitivas. Responde a tus clientes sin perder calidad. Vende mientras t\u00fa est\u00e1s ocupado en lo importante. En ChatProIA&hellip;<\/p>","protected":false},"author":1,"featured_media":0,"parent":0,"menu_order":100,"comment_status":"closed","ping_status":"closed","template":"","meta":{"inline_featured_image":false,"_joinchat":[],"footnotes":""},"class_list":["post-408","page","type-page","status-publish","hentry","description-off"],"_links":{"self":[{"href":"https:\/\/chatproia.com\/en\/wp-json\/wp\/v2\/pages\/408","targetHints":{"allow":["GET"]}}],"collection":[{"href":"https:\/\/chatproia.com\/en\/wp-json\/wp\/v2\/pages"}],"about":[{"href":"https:\/\/chatproia.com\/en\/wp-json\/wp\/v2\/types\/page"}],"author":[{"embeddable":true,"href":"https:\/\/chatproia.com\/en\/wp-json\/wp\/v2\/users\/1"}],"replies":[{"embeddable":true,"href":"https:\/\/chatproia.com\/en\/wp-json\/wp\/v2\/comments?post=408"}],"version-history":[{"count":0,"href":"https:\/\/chatproia.com\/en\/wp-json\/wp\/v2\/pages\/408\/revisions"}],"wp:attachment":[{"href":"https:\/\/chatproia.com\/en\/wp-json\/wp\/v2\/media?parent=408"}],"curies":[{"name":"wp","href":"https:\/\/api.w.org\/{rel}","templated":true}]}}