{"id":1975,"date":"2025-01-07T17:49:35","date_gmt":"2025-01-07T16:49:35","guid":{"rendered":"https:\/\/chatproia.com\/?page_id=1975"},"modified":"2025-01-12T13:40:40","modified_gmt":"2025-01-12T12:40:40","slug":"politica-privacidad","status":"publish","type":"page","link":"https:\/\/chatproia.com\/en\/politica-privacidad\/","title":{"rendered":"Privacy policy"},"content":{"rendered":"<h2>Protecci\u00f3n de datos<\/h2>\n<p>En <a href=\"https:\/\/chatproia.com\/en\/\" target=\"_blank\">https:\/\/www.chatproia.com<\/a> aseguramos la total protecci\u00f3n de los datos de car\u00e1cter personal proporcionados por nuestros clientes y\/o usuarios.<\/p>\n<p>Aulatina Consulting Dise\u00f1o Web S.L. en adelante el responsable del tratamiento, respetar\u00e1 en todo momento la confidencialidad de los datos de los clientes y\/o usuarios garantizando que ha implementado las pol\u00edticas t\u00e9cnicas y organizativas apropiadas, con el fin de proteger los derechos y libertades de los clientes y\/o usuarios, comunic\u00e1ndoles la informaci\u00f3n adecuada para que puedan ejercerlos, conforme a lo dispuesto en el REGLAMENTO (UE) 2016\/679 del PARLAMENTO EUROPEO y del CONSEJO de 27 de abril de 2016 relativo a la protecci\u00f3n de las personas f\u00edsicas en lo que respecta al tratamiento de datos personales y a la libre circulaci\u00f3n de estos datos y por el que se deroga la Directiva 95\/46\/CE (REGLAMENTO GENERAL DE PROTECCI\u00d3N DE DATOS \u2013 RGPD UE 2016\/679).<\/p>\n<h3>Informaci\u00f3n b\u00e1sica sobre protecci\u00f3n de datos<\/h3>\n<ul>\n<li><strong>Responsable:<\/strong> Aulatina Consulting Dise\u00f1o Web S.L.<\/li>\n<li><strong>Finalidad:<\/strong> Prestar los servicios solicitados, responder las peticiones de informaci\u00f3n recibidas, as\u00ed como enviar comunicaciones comerciales, por medios electr\u00f3nicos, sobre nuestros productos y servicios.<\/li>\n<li><strong>Legitimaci\u00f3n:<\/strong><br \/>Ejecuci\u00f3n de un contrato. Consentimiento del interesado.<\/li>\n<li><strong>Destinatarios:<\/strong> Aulatina Consulting Dise\u00f1o Web S.L., as\u00ed como a terceros, para el cumplimiento de obligaciones legales.<\/li>\n<li><strong>Derechos:<\/strong> Tiene derecho a acceder, rectificar y suprimir los datos, as\u00ed como otros derechos, indicados en la informaci\u00f3n adicional, que puede ejercer dirigi\u00e9ndose a la direcci\u00f3n del responsable del tratamiento en <a href=\"mailto:info@chatproia.com\">info@chatproia.com<\/a><\/li>\n<\/ul>\n<h3>Informaci\u00f3n adicional sobre protecci\u00f3n de datos<\/h3>\n<p><strong>\u00bfQui\u00e9n es el responsable del tratamiento de sus datos?<\/strong><\/p>\n<p><strong>Identidad:<\/strong> Aulatina Consulting Dise\u00f1o Web S.L.<br \/>\n<strong>C.I.F.:<\/strong> B92573120<br \/>\n<strong>Address:<\/strong> C\/ Enmedio 4, 2\u00baD<br \/>\n<strong>C\u00f3digo postal:<\/strong> 29720<br \/>\n<strong>Poblaci\u00f3n:<\/strong> La Cala del Moral<br \/>\n<strong>Provincia:<\/strong> M\u00e1laga<br \/>\n<strong>Pa\u00eds:<\/strong> Espa\u00f1a<br \/>\n<strong>Telephone:<\/strong> +34 695 551 758<br \/>\n<strong>Correo electr\u00f3nico:<\/strong> <a href=\"mailto:info@chatproia.com\">info@chatproia.com<\/a><\/p>\n<h3>\u00bfCon qu\u00e9 finalidad tratamos sus datos personales?<\/h3>\n<p>En Aulatina Consulting Dise\u00f1o Web S.L. tratamos los datos personales que nos faciliten nuestros clientes y\/o usuarios con el fin de llevar a cabo la gesti\u00f3n administrativa, comercial, contable y fiscal de los servicios solicitados, responder las peticiones de informaci\u00f3n recibidas, as\u00ed como enviar comunicaciones comerciales, por medios electr\u00f3nicos, sobre nuestros productos y servicios.<\/p>\n<h3>\u00bfPor cu\u00e1nto tiempo conservaremos sus datos?<\/h3>\n<p>Los datos se conservar\u00e1n mientras no se solicite su supresi\u00f3n, se mantenga la relaci\u00f3n profesional y en cualquier caso, durante los a\u00f1os necesarios para cumplir con las obligaciones legales. En tales casos, mantendremos sus datos bloqueados durante los plazos legalmente exigidos por la normativa que en cada caso sea de aplicaci\u00f3n.<\/p>\n<h3>\u00bfCu\u00e1l es la legitimaci\u00f3n para el tratamiento de sus datos?<\/h3>\n<p>La legitimaci\u00f3n para el tratamiento de sus datos es el consentimiento expreso otorgado mediante un acto positivo y afirmativo (rellenar el formulario correspondiente y marcar la casilla de aceptaci\u00f3n de esta pol\u00edtica) en el momento de facilitarnos sus datos personales.<\/p>\n<p>Al rellenar los formularios electr\u00f3nicos existentes en el sitio web, marcar la casilla \u201cHe le\u00eddo y acepto las condiciones generales de uso y la pol\u00edtica de privacidad\u201d y hacer clic para enviar los datos, o al remitir correos electr\u00f3nicos a Aulatina Consulting Dise\u00f1o Web S.L. a trav\u00e9s de las cuentas habilitadas al efecto, el cliente y\/o usuario manifiesta haber le\u00eddo y aceptado expresamente la presente pol\u00edtica de privacidad, y otorga su consentimiento inequ\u00edvoco y expreso al tratamiento de sus datos personales conforme a las finalidades indicadas.<\/p>\n<p>Le indicamos la base legal para el tratamiento de sus datos:<\/p>\n<ul>\n<li><strong>Ejecuci\u00f3n de un contrato:<\/strong> Prestaci\u00f3n de los servicios solicitados.<\/li>\n<li><strong>Consentimiento del interesado:<\/strong> Responder las peticiones de informaci\u00f3n recibidas y enviar comunicaciones comerciales, por medios electr\u00f3nicos de nuestros servicios.<\/li>\n<\/ul>\n<h3>\u00bfA qu\u00e9 destinatarios se comunicar\u00e1n sus datos?<\/h3>\n<p>\u00danicamente se ceder\u00e1n sus datos al resto de las empresas colaboradoras de Aulatina Consulting Dise\u00f1o Web S.L. que aparecen <a href=\"http:\/\/chatproia.com\/en\/\" target=\"_blank\">http:\/\/chatproia.com<\/a>, con la obtenci\u00f3n del consentimiento expreso del cliente y\/o usuario, as\u00ed como a terceros para el cumplimiento de las obligaciones de la legislaci\u00f3n fiscal, laboral, mercantil y de telecomunicaciones, as\u00ed como en aquellos casos en los que una autoridad judicial nos lo requiera.<\/p>\n<h3>\u00bfTransferencias de datos a terceros pa\u00edses?<\/h3>\n<p>No est\u00e1 prevista la realizaci\u00f3n de transferencias de datos a terceros pa\u00edses.<\/p>\n<h3>Ejercicio de derechos de los interesados<\/h3>\n<p>Cualquier persona tiene derecho a obtener confirmaci\u00f3n sobre si en Aulatina Consulting Dise\u00f1o Web S.L. estamos tratando datos personales que les conciernan, o no.<\/p>\n<p>Las personas interesadas tienen derecho a acceder a sus datos personales, as\u00ed como a solicitar la rectificaci\u00f3n de los datos inexactos o, en su caso, solicitar su supresi\u00f3n cuando, entre otros motivos, los datos ya no sean necesarios para los fines que fueron recogidos. En determinadas circunstancias, los interesados podr\u00e1n solicitar la limitaci\u00f3n del tratamiento de sus datos, en cuyo caso \u00fanicamente los conservaremos para el ejercicio o la defensa de reclamaciones.<\/p>\n<p>Asimismo, en los supuestos legalmente establecidos, tendr\u00e1 derecho a la portabilidad de sus datos personales. En determinadas circunstancias y por motivos relacionados con su situaci\u00f3n particular, los interesados podr\u00e1n oponerse al tratamiento de sus datos. En este caso, Aulatina Consulting Dise\u00f1o Web S.L. dejar\u00e1 de tratar los datos, salvo por motivos leg\u00edtimos imperiosos, o el ejercicio o la defensa de posibles reclamaciones.<\/p>\n<h3>\u00bfC\u00f3mo hemos obtenido sus datos?<\/h3>\n<p>Los datos personales que tratamos en Aulatina Consulting Dise\u00f1o Web S.L. han sido directamente proporcionados por el interesado.<\/p>\n<p><strong>Las categor\u00edas de datos que se tratan son:<\/strong><\/p>\n<ul>\n<li>Datos identificativos: Nombre y Apellidos, Tel\u00e9fono, Direcci\u00f3n Postal, Empresa, Correo electr\u00f3nico, Informaci\u00f3n comercial, as\u00ed como la direcci\u00f3n IP desde donde se accede a formularios electr\u00f3nicos.<\/li>\n<\/ul>\n<p>No se tratan categor\u00edas especiales de datos personales.<\/p>\n<h3>Medidas de seguridad<\/h3>\n<p>Dentro de nuestro compromiso por garantizar la seguridad y confidencialidad de sus datos de car\u00e1cter personal, le informamos que se han adoptado las medidas de \u00edndole t\u00e9cnica y organizativas necesarias para garantizar la seguridad de los datos de car\u00e1cter personal y evitar su alteraci\u00f3n, p\u00e9rdida, tratamiento o acceso no autorizado, habida cuenta del estado de la tecnolog\u00eda, la naturaleza de los datos almacenados y los riesgos a que est\u00e9n expuestos, seg\u00fan el Art. 32 del RGPD UE 2016\/679.<\/p>\n<h3>Env\u00edo de comunicaciones comerciales<\/h3>\n<p>El cliente y\/o usuario autoriza el env\u00edo de comunicaciones comerciales, por medios electr\u00f3nicos, relacionadas con los servicios que oferta el Aulatina Consulting Dise\u00f1o Web S.L. De acuerdo con lo establecido en el art\u00edculo 21 de la Ley 34\/2002, de 11 de julio, de Servicios de la Sociedad de la Informaci\u00f3n y de Comercio Electr\u00f3nico (LSSICE), se informa al usuario que si no desea recibir comunicaciones comerciales, por medios electr\u00f3nicos, de nuestros servicios podr\u00e1 oponerse en cualquier momento al tratamiento de sus datos con fines promocionales, de manera sencilla y gratuita, enviando un correo electr\u00f3nico a la direcci\u00f3n <a href=\"mailto:info@chatproia.com\">info@chatproia.com<\/a>, indicando BAJA en el asunto del mensaje.<\/p>\n<h3>Pol\u00edtica de redes sociales<\/h3>\n<p>Aulatina Consulting Dise\u00f1o Web S.L. cuenta con perfiles en las principales redes sociales de Internet. En todos los supuestos, Aulatina Consulting Dise\u00f1o Web S.L. se considera responsable del tratamiento de los datos de sus clientes y\/o usuarios, enti\u00e9ndase tambi\u00e9n a los seguidores, suscriptores, fans, o simplemente personas que realicen comentarios o consultas por estas v\u00edas.<\/p>\n<p>En tal sentido, Aulatina Consulting Dise\u00f1o Web S.L. podr\u00eda utilizar este perfil para informar a sus usuarios de noticias que considere apropiadas con la finalidad de los servicios ofrecidos, o quiz\u00e1s tambi\u00e9n podr\u00eda compartir informaci\u00f3n o art\u00edculos de actualidad publicados por otros usuarios de las redes sociales. En ninguno de los casos, Aulatina Consulting Dise\u00f1o Web S.L. utilizar\u00e1 informaci\u00f3n personal de los usuarios sin su consentimiento para tener relaciones distintas a las esperadas en cada una de las redes sociales mencionadas; en su caso, se solicitar\u00e1 la conformidad del propio usuario.<\/p>\n<h3>Aceptaci\u00f3n y consentimiento<\/h3>\n<p>Los clientes y\/o usuarios declaran haber sido informados de las condiciones sobre protecci\u00f3n de datos de car\u00e1cter personal, aceptando y consintiendo expresamente el tratamiento de los mismos por parte de Aulatina Consulting Dise\u00f1o Web S.L. en la forma prevista para cada uno de ellos y para las finalidades indicadas en la presente Pol\u00edtica de Privacidad.<\/p>\n<h3>Cambios en la presente pol\u00edtica de privacidad<\/h3>\n<p>Aulatina Consulting Dise\u00f1o Web S.L. se reserva el derecho a modificar la presente pol\u00edtica para adaptarla a novedades legislativas o jurisprudenciales, as\u00ed como a pr\u00e1cticas de la industria. En dichos supuestos, Aulatina Consulting Dise\u00f1o Web S.L. anunciar\u00e1 en los sitios web los cambios introducidos con razonable antelaci\u00f3n a su puesta en pr\u00e1ctica.<\/p>","protected":false},"excerpt":{"rendered":"<p>Protecci\u00f3n de datos En https:\/\/www.chatproia.com aseguramos la total protecci\u00f3n de los datos de car\u00e1cter personal proporcionados por nuestros clientes y\/o usuarios. Aulatina Consulting Dise\u00f1o Web S.L. en adelante el responsable del tratamiento, respetar\u00e1 en todo momento la confidencialidad de los datos de los clientes y\/o usuarios garantizando que ha implementado las pol\u00edticas t\u00e9cnicas y organizativas&hellip;<\/p>","protected":false},"author":1,"featured_media":0,"parent":0,"menu_order":0,"comment_status":"closed","ping_status":"closed","template":"","meta":{"inline_featured_image":false,"_joinchat":[],"footnotes":""},"class_list":["post-1975","page","type-page","status-publish","hentry","description-off"],"_links":{"self":[{"href":"https:\/\/chatproia.com\/en\/wp-json\/wp\/v2\/pages\/1975","targetHints":{"allow":["GET"]}}],"collection":[{"href":"https:\/\/chatproia.com\/en\/wp-json\/wp\/v2\/pages"}],"about":[{"href":"https:\/\/chatproia.com\/en\/wp-json\/wp\/v2\/types\/page"}],"author":[{"embeddable":true,"href":"https:\/\/chatproia.com\/en\/wp-json\/wp\/v2\/users\/1"}],"replies":[{"embeddable":true,"href":"https:\/\/chatproia.com\/en\/wp-json\/wp\/v2\/comments?post=1975"}],"version-history":[{"count":0,"href":"https:\/\/chatproia.com\/en\/wp-json\/wp\/v2\/pages\/1975\/revisions"}],"wp:attachment":[{"href":"https:\/\/chatproia.com\/en\/wp-json\/wp\/v2\/media?parent=1975"}],"curies":[{"name":"wp","href":"https:\/\/api.w.org\/{rel}","templated":true}]}}