{"id":1973,"date":"2025-01-07T17:48:39","date_gmt":"2025-01-07T16:48:39","guid":{"rendered":"https:\/\/chatproia.com\/?page_id=1973"},"modified":"2025-01-12T13:40:48","modified_gmt":"2025-01-12T12:40:48","slug":"aviso-legal","status":"publish","type":"page","link":"https:\/\/chatproia.com\/en\/aviso-legal\/","title":{"rendered":"Legal notice"},"content":{"rendered":"<h2>Objeto y aceptaci\u00f3n<\/h2>\n<p>El presente aviso legal regula el uso del sitio web <a href=\"https:\/\/chatproia.com\/en\/\" target=\"_blank\">https:\/\/www.chatproia.com<\/a>, en adelante, el sitio web, del que es titular real y prestador principal Aulatina Consulting Dise\u00f1o Web S.L., en adelante AULATINA.<\/p>\n<p>AULATINA, pone a disposici\u00f3n de los usuarios el presente documento con el que pretende dar cumplimiento a las obligaciones dispuestas en el art\u00edculo 10 de la Ley 34\/2002, de 11 de julio, de Servicios de la Sociedad de la Informaci\u00f3n y de Comercio Electr\u00f3nico, as\u00ed como informar a todos los usuarios sobre las condiciones de uso del sitio web <a href=\"https:\/\/chatproia.com\/en\/\" target=\"_blank\">https:\/\/www.chatproia.com<\/a>.<\/p>\n<p>La navegaci\u00f3n por el sitio web atribuye la condici\u00f3n de usuario del mismo e implica la aceptaci\u00f3n plena y sin reservas de todas y cada una de las disposiciones incluidas en este Aviso Legal, que pueden sufrir modificaciones. Este sitio web ha sido creado por AULATINA con car\u00e1cter informativo y para uso personal de los usuarios. A trav\u00e9s de este aviso legal, se pretende regular el acceso y uso de este sitio web, as\u00ed como la relaci\u00f3n entre el sitio web y sus usuarios.<\/p>\n<p>Accediendo a este sitio web se aceptan los siguientes t\u00e9rminos y condiciones:<\/p>\n<ul>\n<li>El acceso a este sitio web es responsabilidad exclusiva de los usuarios.<\/li>\n<li>El simple acceso a este sitio web no supone entablar ning\u00fan tipo de relaci\u00f3n comercial entre AULATINA y el usuario.<\/li>\n<li>El acceso y la navegaci\u00f3n en este sitio web supone aceptar y conocer las advertencias legales, condiciones y t\u00e9rminos de uso contenidas en ella.<\/li>\n<li>AULATINA puede ofrecer servicios que podr\u00e1n encontrarse sometidos a unas condiciones particulares propias que, seg\u00fan los casos, sustituyan, completen y\/o modifiquen las presentes condiciones, y sobre las cuales se informar\u00e1 al usuario en cada caso concreto.<\/li>\n<li>El usuario se obliga a hacer un uso correcto del sitio web de conformidad con las leyes, la buena fe, el orden p\u00fablico, los usos del tr\u00e1fico y el presente Aviso Legal. El usuario responder\u00e1 frente a AULATINA o frente a terceros, de cualesquiera da\u00f1os y perjuicios que pudieran causarse como consecuencia del incumplimiento de dicha obligaci\u00f3n.<\/li>\n<\/ul>\n<h2>Sobre<\/h2>\n<p>Bajo el dominio chatproia.com se ofrecen los servicios de: Consultor\u00eda de inteligencia artificial.<\/p>\n<p><strong>Prestador:<\/strong> Aulatina Consulting Dise\u00f1o Web S.L.<br \/>\n<strong>C.I.F.:<\/strong> B92573120<br \/>\n<strong>Inscrita en el Registro Mercantil:<\/strong> 5 de M\u00e1laga Tomo 3639, Libro: 2550, Folio 84, Hoja: MA-72582, Inscrip.: 1.<br \/>\n<strong>Address:<\/strong> C\/ Enmedio 4, 2\u00baD<br \/>\n<strong>C\u00f3digo postal:<\/strong> 29720<br \/>\n<strong>Poblaci\u00f3n:<\/strong> La Cala del Moral<br \/>\n<strong>Provincia:<\/strong> M\u00e1laga<br \/>\n<strong>Pa\u00eds:<\/strong> Espa\u00f1a<br \/>\n<strong>Telephone:<\/strong> +34 695 551 758<br \/>\n<strong>Correo electr\u00f3nico:<\/strong> <a href=\"mailto:info@chatproia.com\">info@chatproia.com<\/a><\/p>\n<p>Todas las notificaciones y comunicaciones entre los usuarios y AULATINA se considerar\u00e1n eficaces, a todos los efectos, cuando se realicen a trav\u00e9s de correo postal o cualquier otro medio de los detallados anteriormente.<\/p>\n<h2>Contenido<\/h2>\n<p>El sitio web ofrece informaci\u00f3n a los usuarios sobre las soluciones y servicios de AULATINA en el \u00e1mbito del desarrollo y programaci\u00f3n web, posicionamiento web, marketing online, y dise\u00f1o gr\u00e1fico.<\/p>\n<p>La informaci\u00f3n administrativa facilitada por AULATINA a trav\u00e9s del sitio web no sustituye la publicidad legal de las leyes, normativas, planes, disposiciones generales y actos que tengan que ser publicados formalmente en los diarios oficiales de las autoridades y administraciones espa\u00f1olas y europeas, que constituyen el \u00fanico instrumento que da fe de su autenticidad y contenido. La informaci\u00f3n disponible en este sitio web debe entenderse como una gu\u00eda sin prop\u00f3sito de validez legal.<\/p>\n<h2>Acceso al sitio web<\/h2>\n<p>El acceso al sitio web es libre y gratuito, salvo en lo relativo al coste de la conexi\u00f3n a trav\u00e9s de la red de telecomunicaciones suministrada por el proveedor de acceso contratado por el usuario e implica sin reservas la aceptaci\u00f3n de las presentes condiciones generales de uso que el usuario afirma comprender en su totalidad.<\/p>\n<p>Con car\u00e1cter general, para el acceso a los contenidos informativos del sitio web no ser\u00e1 necesario el registro previo del usuario. No obstante, algunos de los servicios ofertados en el sitio web conllevan obligatoriamente el registro previo del usuario mediante la cumplimentaci\u00f3n de los correspondientes formularios electr\u00f3nicos de inscripci\u00f3n que para ello se establezcan en el sitio web y la aceptaci\u00f3n de los t\u00e9rminos y condiciones de uso que AULATINA establezca a tal efecto.<\/p>\n<h2>Claves de acceso o similares<\/h2>\n<p>En caso de que alg\u00fan servicio del sitio web incluya claves de acceso o nombres de usuario, el Usuario elegir\u00e1 e indicar\u00e1 sus propias claves de acceso (nombre de usuario, log, contrase\u00f1a, password, o similar), no pudiendo elegir para ellos palabras, expresiones o conjuntos gr\u00e1fico-denominativos malsonantes, injuriosos, coincidentes con marcas, nombres comerciales, r\u00f3tulos de establecimientos, denominaciones sociales, expresiones publicitarias, nombres y seud\u00f3nimos de personajes de relevancia p\u00fablica o famosos para cuya utilizaci\u00f3n no est\u00e9 autorizado y, en general, contrarios a la ley o a las exigencias de la moral y buenas costumbres generalmente aceptadas.<\/p>\n<p>La asignaci\u00f3n del nombre de usuario (log) se produce de manera autom\u00e1tica previa elecci\u00f3n del Usuario. En el supuesto de que estas claves solicitadas se encuentren reservadas, el Usuario deber\u00e1 introducir unas nuevas claves de acceso. El Usuario se compromete a hacer un uso diligente de las claves de acceso, a no ponerlas a disposici\u00f3n de terceros, y a comunicar a AULATINA la p\u00e9rdida o robo de las claves de acceso y el posible acceso por un tercero a las mismas.<\/p>\n<h2>Menores de edad<\/h2>\n<p>En relaci\u00f3n con la navegaci\u00f3n en el sitio web por parte menores, el usuario queda advertido que AULATINA no puede controlar, aparte de otras circunstancias, que los menores de edad hagan uso del sitio web y de sus servicios. Por ello, AULATINA no asume ninguna responsabilidad alguna al respecto, y se comunica que ser\u00e1n los padres y tutores los \u00fanicos responsables de controlar y asistir a los menores en la navegaci\u00f3n por este sitio web y habilitar cualesquiera otros mecanismos necesarios que, en su caso, impidan el acceso por parte de los menores al sitio web y\/o sus servicios, no admitiendo AULATINA ninguna reclamaci\u00f3n al respecto.<\/p>\n<h2>Normas de utilizaci\u00f3n del sitio web<\/h2>\n<p>El usuario se obliga a utilizar el sitio web y todo su contenido y servicios conforme a lo establecido en la ley, la moral, el orden p\u00fablico y en las presentes condiciones generales. AULATINA podr\u00e1 interrumpir en cualquier momento el acceso a su sitio web si detecta un uso contrario a la legalidad, la buena fe o a las presentes condiciones generales.<\/p>\n<p>Asimismo el usuario, se obliga y compromete expresamente a hacer un uso adecuado de los contenidos y servicios del sitio web y a no emplearlos para:<\/p>\n<ul>\n<li>Difundir contenidos, delictivos, violentos, pornogr\u00e1ficos, racistas, xen\u00f3fobo, ofensivos, de apolog\u00eda del terrorismo o, en general, contrarios a la ley o al orden p\u00fablico.<\/li>\n<li>Realizar actividades il\u00edcitas o constitutivas de delito, que atenten contra los derechos de terceros y\/o que infrinjan la regulaci\u00f3n sobre propiedad intelectual e industrial, o cualesquiera otras normas del ordenamiento jur\u00eddico aplicable.<\/li>\n<li>Introducir en la red virus inform\u00e1ticos o realizar actuaciones susceptibles de alterar, estropear, interrumpir o generar errores o da\u00f1os en los documentos electr\u00f3nicos, datos o sistemas f\u00edsicos y l\u00f3gicos de AULATINA o de terceras personas; as\u00ed como obstaculizar el acceso de otros usuarios al sitio web y a sus servicios mediante el consumo masivo de los recursos inform\u00e1ticos a trav\u00e9s de los cuales AULATINA presta sus servicios.<\/li>\n<li>Intentar acceder a las cuentas de correo electr\u00f3nico de otros usuarios o a \u00e1reas restringidas del sitio web y, en su caso, extraer informaci\u00f3n.<\/li>\n<li>Suplantar la identidad de otro usuario, de las administraciones p\u00fablicas o de un tercero.<\/li>\n<li>Reproducir, copiar, distribuir, poner a disposici\u00f3n o de cualquier otra forma comunicar p\u00fablicamente, transformar o modificar los contenidos, a menos que se cuente con la autorizaci\u00f3n del titular de los correspondientes derechos o ello resulte legalmente permitido.<\/li>\n<li>Recabar datos con finalidad publicitaria y de remitir publicidad de cualquier clase y comunicaciones con fines de venta u otras de naturaleza comercial sin que medie su previa solicitud o consentimiento.<\/li>\n<\/ul>\n<h2>Exclusi\u00f3n de responsabilidad<\/h2>\n<p>El acceso del usuario al sitio web no implica para AULATINA la obligaci\u00f3n de controlar la ausencia de virus, gusanos o cualquier otro elemento inform\u00e1tico da\u00f1ino. Corresponde al usuario, en todo caso, la disponibilidad de herramientas adecuadas para la detecci\u00f3n y desinfecci\u00f3n de programas inform\u00e1ticos da\u00f1inos.<\/p>\n<p>AULATINA no se responsabiliza de los da\u00f1os producidos en el software y equipos inform\u00e1ticos de los usuarios o de terceros durante la utilizaci\u00f3n de los servicios ofrecidos en el sitio web.<\/p>\n<p>AULATINA no se responsabiliza de los da\u00f1os o perjuicios de cualquier tipo producidos en el usuario que traigan causa de fallos o desconexiones en las redes de telecomunicaciones que produzcan la suspensi\u00f3n, cancelaci\u00f3n o interrupci\u00f3n del servicio del sitio web durante la prestaci\u00f3n del mismo o con car\u00e1cter previo. AULATINA se reserva el derecho de efectuar sin previo aviso las modificaciones que considere oportunas en su sitio web, pudiendo cambiar, suprimir o a\u00f1adir tanto los contenidos y servicios que se presten a trav\u00e9s de la misma como la forma en la que \u00e9stos aparezcan presentados o localizados en el sitio web.<\/p>\n<h2>Propiedad intelectual e industrial<\/h2>\n<p>El sitio web, incluyendo a t\u00edtulo enunciativo pero no limitativo su programaci\u00f3n, edici\u00f3n, compilaci\u00f3n y dem\u00e1s elementos necesarios para su funcionamiento, los dise\u00f1os, logotipos, texto y\/o gr\u00e1ficos son propiedad de AULATINA o, en su caso, dispone de licencia o autorizaci\u00f3n expresa por parte de los autores.<\/p>\n<p>Todos los contenidos del sitio web se encuentran debidamente protegidos por la normativa de propiedad intelectual e industrial, as\u00ed como inscritos en los registros p\u00fablicos correspondientes. La reproducci\u00f3n total o parcial, uso, explotaci\u00f3n, distribuci\u00f3n y comercializaci\u00f3n, requiere en todo caso de la autorizaci\u00f3n escrita previa por parte de AULATINA. Cualquier uso no autorizado previamente por parte de AULATINA ser\u00e1 considerado un incumplimiento grave de los derechos de propiedad intelectual o industrial del autor.<\/p>\n<p>Los dise\u00f1os, logotipos, texto y\/o gr\u00e1ficos ajenos a AULATINA y que pudieran aparecer en el sitio web, pertenecen a sus respectivos propietarios, siendo ellos mismos responsables de cualquier posible controversia que pudiera suscitarse respecto a los mismos. AULATINA reconoce a favor de sus titulares los correspondientes derechos de propiedad industrial e intelectual, no implicando su sola menci\u00f3n o aparici\u00f3n en el sitio web la existencia de derechos o responsabilidad alguna de AULATINA sobre los mismos, como tampoco respaldo, patrocinio o recomendaci\u00f3n por parte del mismo.<\/p>\n<h2>Enlaces<\/h2>\n<p>El establecimiento de un hiperenlace no implica en ning\u00fan caso la existencia de relaciones entre AULATINA y el propietario del sitio web en la que se establezca, ni la aceptaci\u00f3n y aprobaci\u00f3n por parte de AULATINA de sus contenidos o servicios. Aquellas personas que se propongan establecer un hiperenlace previamente deber\u00e1n solicitar autorizaci\u00f3n por escrito a AULATINA. En todo caso, el hiperenlace \u00fanicamente permitir\u00e1 el acceso a la home-page o p\u00e1gina de inicio de los sitios web, asimismo deber\u00e1 abstenerse de realizar manifestaciones o indicaciones falsas, inexactas o incorrectas sobre AULATINA, o incluir contenidos il\u00edcitos, contrarios a las buenas costumbres y al orden p\u00fablico.<\/p>\n<p>AULATINA no se responsabiliza del uso que cada usuario haga de la informaci\u00f3n puesta a disposici\u00f3n en el sitio web ni de las actuaciones que realice en base a la misma. AULATINA no asume responsabilidad alguna por la informaci\u00f3n contenida en p\u00e1ginas web de terceros a las que se pueda acceder por \u00ablinks\u00bb o enlaces desde cualquier p\u00e1gina web propiedad de AULATINA. La presencia de \u00ablinks\u00bb o enlaces en el sitio web de AULATINA tiene finalidad meramente informativa y en ning\u00fan caso supone sugerencia, invitaci\u00f3n o recomendaci\u00f3n sobre los mismos.<\/p>\n<h2>Env\u00edo de comunicaciones comerciales<\/h2>\n<p>En cumplimiento de lo dispuesto en la Disposici\u00f3n final segunda de la Ley 9\/2014, de 9 de mayo, de Telecomunicaciones que modifica la Ley 34\/2002, de 11 de julio, de Servicios de la Sociedad de la Informaci\u00f3n y de Comercio Electr\u00f3nico, las comunicaciones comerciales realizadas por v\u00eda electr\u00f3nica deber\u00e1n ser claramente identificables como tales, y la persona f\u00edsica o jur\u00eddica en nombre de la cual se realizan tambi\u00e9n deber\u00e1 ser claramente identificable, sin perjuicio de lo que dispongan las normativas dictadas por las Comunidades Aut\u00f3nomas con competencias exclusivas sobre consumo.<\/p>\n<p>Lo dispuesto en el apartado anterior no ser\u00e1 de aplicaci\u00f3n cuando exista una relaci\u00f3n contractual previa, siempre que AULATINA hubiera obtenido de forma l\u00edcita los datos de contacto del destinatario y los empleara para el env\u00edo de comunicaciones comerciales referentes a productos o servicios de su propia empresa que sean similares a los que inicialmente fueron objeto de contrataci\u00f3n con el cliente.<\/p>\n<p>Cuando las comunicaciones hubieran sido remitidas por correo electr\u00f3nico, dicho medio deber\u00e1 consistir necesariamente en la inclusi\u00f3n de una direcci\u00f3n de correo electr\u00f3nico u otra direcci\u00f3n electr\u00f3nica v\u00e1lida donde pueda ejercitarse este derecho, quedando prohibido el env\u00edo de comunicaciones que no incluyan dicha direcci\u00f3n. El destinatario podr\u00e1 revocar en cualquier momento el consentimiento prestado a la recepci\u00f3n de comunicaciones comerciales con la simple notificaci\u00f3n de su voluntad al remitente.<\/p>\n<p>En todo caso, AULATINA ofrece al destinatario la posibilidad de oponerse al tratamiento de sus datos con fines promocionales mediante un procedimiento sencillo y gratuito, tanto en el momento de recogida de los datos como en cada una de las comunicaciones comerciales que le dirija a trav\u00e9s de la direcci\u00f3n de correo electr\u00f3nico <a href=\"mailto:info@chatproia.com\">info@chatproia.com<\/a>.<\/p>\n<h2>Direcciones IP<\/h2>\n<p>Los servidores del sitio web podr\u00e1n detectar de manera autom\u00e1tica la direcci\u00f3n IP y el nombre de dominio utilizados por el usuario. Una direcci\u00f3n IP es un n\u00famero asignado autom\u00e1ticamente a un ordenador cuando \u00e9sta se conecta a Internet. Toda esta informaci\u00f3n es registrada en un fichero de actividad del servidor que permite el posterior procesamiento de los datos con el fin de obtener mediciones \u00fanicamente estad\u00edsticas que permitan conocer el n\u00famero de impresiones de p\u00e1ginas, el n\u00famero de visitas realizadas a los servicios web, el orden de visitas, el punto de acceso, etc.<\/p>\n<h2>Uso de cookies<\/h2>\n<p>AULATINA por su propia cuenta o la de un tercero contratado para la prestaci\u00f3n de servicios de medici\u00f3n, pueden utilizar cookies cuando el usuario navega por el sitio web. Las cookies son peque\u00f1os archivos de informaci\u00f3n que el servidor env\u00eda al ordenador de quien accede a el sitio web con la finalidad de registrar las actividades del usuario durante su tiempo de navegaci\u00f3n y poder llevar a cabo determinadas funciones que son consideradas imprescindibles para el correcto funcionamiento y visualizaci\u00f3n de el sitio web.<\/p>\n<p>Las cookies utilizadas en el sitio web tienen, en todo caso, car\u00e1cter temporal con la \u00fanica finalidad de hacer m\u00e1s eficaz su transmisi\u00f3n posterior y desaparecen al terminar la sesi\u00f3n del usuario. En ning\u00fan caso se utilizar\u00e1n las cookies para recoger informaci\u00f3n de car\u00e1cter personal.<\/p>\n<p>El usuario tiene la posibilidad de configurar su navegador para ser avisado de la recepci\u00f3n de cookies y para impedir su instalaci\u00f3n en su equipo. Para ello se ruega consultar las instrucciones y manuales de su navegador para ampliar esta informaci\u00f3n. Mediante el uso de las cookies resulta posible que el servidor donde se encuentra la web, reconozca el navegador web utilizado por el usuario con la finalidad de que la navegaci\u00f3n sea m\u00e1s sencilla, permitiendo, por ejemplo, el acceso a los usuarios que se hayan registrado previamente, acceder a las \u00e1reas o servicios reservados exclusivamente a ellos sin tener que registrarse en cada visita. Se utilizan tambi\u00e9n para medir la audiencia y par\u00e1metros del tr\u00e1fico, controlar el progreso y n\u00famero de entradas.<\/p>\n<h2>Responsabilidad<\/h2>\n<p>AULATINA se exime de cualquier tipo de responsabilidad derivada de la informaci\u00f3n publicada en su sitio web, siempre que esta informaci\u00f3n haya sido manipulada o introducida por un tercero ajeno.<\/p>\n<p>De acuerdo con los art\u00edculos 11 y 16 de Ley 34\/2002, de 11 de julio, de Servicios de la Sociedad de la Informaci\u00f3n y de Comercio Electr\u00f3nico, AULATINA pone a disposici\u00f3n de los usuarios, autoridades competentes y fuerzas y cuerpos de seguridad para retirar o bloquear los contenidos que vulneren la legislaci\u00f3n, los derechos de terceros o la moral y el orden p\u00fablico.<\/p>\n<p>El sitio web ha sido revisado y probado para que funcione correctamente. En principio, puede garantizarse el correcto funcionamiento los 365 d\u00edas del a\u00f1o, 24 horas al d\u00eda. No obstante, AULATINA no descarta la posibilidad de que existan ciertos errores de programaci\u00f3n, o que acontezcan causas de fuerza mayor, cat\u00e1strofes naturales, huelgas, o circunstancias semejantes que hagan imposible el acceso a el sitio web. En caso de interrupci\u00f3n del funcionamiento del sitio web, AULATINA se compromete a devolverlo a un buen estado de funcionamiento a la mayor brevedad posible.<\/p>\n<h2>Legislaci\u00f3n aplicable<\/h2>\n<p>Para la resoluci\u00f3n de todas las controversias o cuestiones relacionadas con el presente sitio web o de las actividades en \u00e9l desarrolladas, ser\u00e1 de aplicaci\u00f3n la legislaci\u00f3n espa\u00f1ola, a la que se someten expresamente las partes, siendo competentes para la resoluci\u00f3n de todos los conflictos relacionados con su uso los Juzgados y Tribunales de M\u00e1laga (Espa\u00f1a).<\/p>\n<p>Si cualquier cl\u00e1usula incluida en las presentes condiciones generales fuese declarada total o parcialmente nula o ineficaz, tal nulidad o ineficacia tan s\u00f3lo afectar\u00e1 a dicha disposici\u00f3n o a la parte de la misma que resulte nula o ineficaz, subsistiendo las presentes condiciones generales en todo lo dem\u00e1s y consider\u00e1ndose tal disposici\u00f3n total o parcialmente por no incluida.<\/p>","protected":false},"excerpt":{"rendered":"<p>Objeto y aceptaci\u00f3n El presente aviso legal regula el uso del sitio web https:\/\/www.chatproia.com, en adelante, el sitio web, del que es titular real y prestador principal Aulatina Consulting Dise\u00f1o Web S.L., en adelante AULATINA. AULATINA, pone a disposici\u00f3n de los usuarios el presente documento con el que pretende dar cumplimiento a las obligaciones dispuestas&hellip;<\/p>","protected":false},"author":1,"featured_media":0,"parent":0,"menu_order":0,"comment_status":"closed","ping_status":"closed","template":"","meta":{"inline_featured_image":false,"_joinchat":[],"footnotes":""},"class_list":["post-1973","page","type-page","status-publish","hentry","description-off"],"_links":{"self":[{"href":"https:\/\/chatproia.com\/en\/wp-json\/wp\/v2\/pages\/1973","targetHints":{"allow":["GET"]}}],"collection":[{"href":"https:\/\/chatproia.com\/en\/wp-json\/wp\/v2\/pages"}],"about":[{"href":"https:\/\/chatproia.com\/en\/wp-json\/wp\/v2\/types\/page"}],"author":[{"embeddable":true,"href":"https:\/\/chatproia.com\/en\/wp-json\/wp\/v2\/users\/1"}],"replies":[{"embeddable":true,"href":"https:\/\/chatproia.com\/en\/wp-json\/wp\/v2\/comments?post=1973"}],"version-history":[{"count":0,"href":"https:\/\/chatproia.com\/en\/wp-json\/wp\/v2\/pages\/1973\/revisions"}],"wp:attachment":[{"href":"https:\/\/chatproia.com\/en\/wp-json\/wp\/v2\/media?parent=1973"}],"curies":[{"name":"wp","href":"https:\/\/api.w.org\/{rel}","templated":true}]}}